{"id":2,"date":"2026-01-02T15:55:15","date_gmt":"2026-01-02T14:55:15","guid":{"rendered":"http:\/\/hornet-radar.com\/?page_id=2"},"modified":"2026-02-23T16:45:47","modified_gmt":"2026-02-23T15:45:47","slug":"home","status":"publish","type":"page","link":"https:\/\/hornet-radar.com\/de\/","title":{"rendered":"Home"},"content":{"rendered":"\n<p><\/p>\n\n\n\n<p>Hornet-Radar ist ein Hobbyprojekt und zugleich Teil einer Machbarkeitsstudie im Rahmen einer Bachelorarbeit. Ziel des Projekts ist es, das Auffinden von Nestern der <em>Vespa velutina nigrithorax<\/em> (auch bekannt als Asiatische Hornisse) zu erleichtern.<br>Es basiert auf dem KI-Modell YOLOv5 und den Vorarbeiten des Teams von <a href=\"https:\/\/www.vespai.co.uk\/\" data-type=\"link\" data-id=\"https:\/\/www.vespai.co.uk\/\">Vesp-AI.co.uk<\/a>, deren M\u00fchen und Zeit in diesem Projekt mit einflie\u00dfen. Erg\u00e4nzt wird dies durch die Analyse und Clustering der An- und Abflugrichtungen, die dauerhafte Datenspeicherung sowie deren visuelle Aufbereitung auf dieser Webseite.<\/p>\n\n\n\n<p>Die Website befindet sich derzeit noch im Aufbau und ist noch nicht vollst\u00e4ndig funktionsf\u00e4hig.<\/p>\n\n\n\n<p><\/p>\n\n\n\n<p><\/p>\n\n\n\n<p><\/p>\n","protected":false},"excerpt":{"rendered":"<p>Hornet-Radar ist ein Hobbyprojekt und zugleich Teil einer Machbarkeitsstudie im Rahmen einer Bachelorarbeit. Ziel des Projekts ist es, das Auffinden von Nestern der Vespa velutina nigrithorax (auch bekannt als Asiatische Hornisse) zu erleichtern.Es basiert auf dem KI-Modell YOLOv5 und den Vorarbeiten des Teams von Vesp-AI.co.uk, deren M\u00fchen und Zeit in diesem Projekt mit einflie\u00dfen. Erg\u00e4nzt &hellip; <\/p>\n<p class=\"link-more\"><a href=\"https:\/\/hornet-radar.com\/de\/\" class=\"more-link\">Mehr <span class=\"screen-reader-text\">\u00fcber &#8222;Home&#8220; <\/span>Lesen<\/a><\/p>\n","protected":false},"author":1,"featured_media":0,"parent":0,"menu_order":0,"comment_status":"closed","ping_status":"closed","template":"","meta":{"footnotes":""},"class_list":["post-2","page","type-page","status-publish","hentry"],"_links":{"self":[{"href":"https:\/\/hornet-radar.com\/de\/wp-json\/wp\/v2\/pages\/2","targetHints":{"allow":["GET"]}}],"collection":[{"href":"https:\/\/hornet-radar.com\/de\/wp-json\/wp\/v2\/pages"}],"about":[{"href":"https:\/\/hornet-radar.com\/de\/wp-json\/wp\/v2\/types\/page"}],"author":[{"embeddable":true,"href":"https:\/\/hornet-radar.com\/de\/wp-json\/wp\/v2\/users\/1"}],"replies":[{"embeddable":true,"href":"https:\/\/hornet-radar.com\/de\/wp-json\/wp\/v2\/comments?post=2"}],"version-history":[{"count":31,"href":"https:\/\/hornet-radar.com\/de\/wp-json\/wp\/v2\/pages\/2\/revisions"}],"predecessor-version":[{"id":568,"href":"https:\/\/hornet-radar.com\/de\/wp-json\/wp\/v2\/pages\/2\/revisions\/568"}],"wp:attachment":[{"href":"https:\/\/hornet-radar.com\/de\/wp-json\/wp\/v2\/media?parent=2"}],"curies":[{"name":"wp","href":"https:\/\/api.w.org\/{rel}","templated":true}]}}