{"id":153,"date":"2026-01-09T10:55:15","date_gmt":"2026-01-09T09:55:15","guid":{"rendered":"https:\/\/hornet-radar.com\/?page_id=153"},"modified":"2026-02-23T16:59:13","modified_gmt":"2026-02-23T15:59:13","slug":"bait-station","status":"publish","type":"page","link":"https:\/\/hornet-radar.com\/de\/information\/bait-station","title":{"rendered":"Lock-Station bauen"},"content":{"rendered":"\n<p>(noch im Aufbau)<\/p>\n\n\n\n<p><strong>Lock-Station<\/strong><\/p>\n\n\n\n<p>Beim Bau einer Lock-Station sind der Kreativit\u00e4t (fast) keine Grenzen gesetzt. Jeder freudige Bastler kann sich nach Belieben austoben &#8211; solange das Ergebnis am Ende stimmt. Lediglich der Python-Code, welcher auf dem Raspberry Pi und insbesondere beim Upload der Events sollte nicht herumgedoktert werden, um die Funktion der Webseite nicht f\u00fcr alle zu beeinflussen.<\/p>\n\n\n\n<p>Damit ein leichter Einstieg gelingt, m\u00f6chte ich hier mal &#8222;meine&#8220; Lock-Station als Vorlage vorstellen.<\/p>\n\n\n\n<div class=\"wp-block-columns is-layout-flex wp-container-core-columns-is-layout-28f84493 wp-block-columns-is-layout-flex\">\n<div class=\"wp-block-column is-layout-flow wp-block-column-is-layout-flow\" style=\"flex-basis:50%\">\n<figure class=\"wp-block-image size-large is-resized\"><img loading=\"lazy\" decoding=\"async\" width=\"1024\" height=\"957\" src=\"https:\/\/hornet-radar.com\/wp-content\/uploads\/2026\/01\/Lock-Station-1024x957.jpeg\" alt=\"\" class=\"wp-image-313\" style=\"aspect-ratio:1.0698683778059774;width:506px;height:auto\" srcset=\"https:\/\/hornet-radar.com\/wp-content\/uploads\/2026\/01\/Lock-Station-1024x957.jpeg 1024w, https:\/\/hornet-radar.com\/wp-content\/uploads\/2026\/01\/Lock-Station-300x280.jpeg 300w, https:\/\/hornet-radar.com\/wp-content\/uploads\/2026\/01\/Lock-Station-2000x1869.jpeg 2000w\" sizes=\"auto, (max-width: 1024px) 100vw, 1024px\" \/><figcaption class=\"wp-element-caption\">Bild muss noch aktualisiert werden!!!<\/figcaption><\/figure>\n<\/div>\n\n\n\n<div class=\"wp-block-column is-layout-flow wp-block-column-is-layout-flow\" style=\"flex-basis:50%\">\n<p><\/p>\n\n\n\n<p><\/p>\n\n\n\n<p>Sie besteht aus: <\/p>\n\n\n\n<ul class=\"wp-block-list\">\n<li>Einer Getr\u00e4nkekiste (etwas erh\u00f6ht und f\u00fcr mehr Stabilit\u00e4t)<\/li>\n\n\n\n<li>Einer Holzplatte, gr\u00fcn angespr\u00fcht (Farbton: RAL 6018 als Greenscreen Hintergrund und Witterungsschutz)<\/li>\n\n\n\n<li>3 Winkel als Abstandshalter<\/li>\n\n\n\n<li>Einem wei\u00dfen <a href=\"https:\/\/amzn.eu\/d\/jae43kR\">Lampenschirm<\/a> (Regenschutz und Lichtdurchl\u00e4ssig)<\/li>\n\n\n\n<li>Einen 3D gedruckten Deckel<\/li>\n\n\n\n<li>Ein Kompass zum Ausrichten nach Norden<\/li>\n\n\n\n<li>Ein kleiner Plastikdeckel f\u00fcr die Lockfl\u00fcssigkeit<\/li>\n<\/ul>\n\n\n\n<p>Materialkosten: ~ 20\u20ac<\/p>\n<\/div>\n<\/div>\n\n\n\n<div class=\"wp-block-columns is-layout-flex wp-container-core-columns-is-layout-28f84493 wp-block-columns-is-layout-flex\">\n<div class=\"wp-block-column is-layout-flow wp-block-column-is-layout-flow\">\n<p><\/p>\n\n\n\n<p><\/p>\n\n\n\n<p>Im technischen Bereich verwende ich folgende Komponenten:<\/p>\n\n\n\n<ul class=\"wp-block-list\">\n<li>Raspberry Pi 5 (4 GB RAM, 8 GB MicroSD card)<\/li>\n\n\n\n<li>Pi Camera Module 3<\/li>\n\n\n\n<li>USB-C Netzteil<\/li>\n\n\n\n<li>Selbst erstelltes 3D-Druck Case mit L\u00fcftungsl\u00f6chern<\/li>\n<\/ul>\n\n\n\n<p>Materialkosten: ~ 120\u20ac<\/p>\n\n\n\n<p>Hierbei sollte die Kamera m\u00f6glichst in der Mitte \u00fcber der Lockfl\u00fcssigkeit platziert werden, damit eine gute 360\u00b0 Abdeckung erzielt wird. Je genauer  dabei gearbeitet wird, desto besser werden die erzielten Ergebnisse sein. Mit dem Kompass wird am Ende das komplette Geh\u00e4use nach Norden ausgerichtet.<\/p>\n<\/div>\n\n\n\n<div class=\"wp-block-column is-layout-flow wp-block-column-is-layout-flow\">\n<figure class=\"wp-block-image aligncenter size-large is-resized\"><img loading=\"lazy\" decoding=\"async\" width=\"1024\" height=\"768\" src=\"https:\/\/hornet-radar.com\/wp-content\/uploads\/2026\/02\/IMG_9505-1024x768.jpeg\" alt=\"\" class=\"wp-image-450\" style=\"width:358px;height:auto\" srcset=\"https:\/\/hornet-radar.com\/wp-content\/uploads\/2026\/02\/IMG_9505-1024x768.jpeg 1024w, https:\/\/hornet-radar.com\/wp-content\/uploads\/2026\/02\/IMG_9505-300x225.jpeg 300w, https:\/\/hornet-radar.com\/wp-content\/uploads\/2026\/02\/IMG_9505-2000x1500.jpeg 2000w\" sizes=\"auto, (max-width: 1024px) 100vw, 1024px\" \/><\/figure>\n\n\n\n<figure class=\"wp-block-image aligncenter size-large is-resized\"><img loading=\"lazy\" decoding=\"async\" width=\"1024\" height=\"768\" src=\"https:\/\/hornet-radar.com\/wp-content\/uploads\/2026\/02\/IMG_9504-1024x768.jpeg\" alt=\"\" class=\"wp-image-452\" style=\"width:357px;height:auto\" srcset=\"https:\/\/hornet-radar.com\/wp-content\/uploads\/2026\/02\/IMG_9504-1024x768.jpeg 1024w, https:\/\/hornet-radar.com\/wp-content\/uploads\/2026\/02\/IMG_9504-300x225.jpeg 300w, https:\/\/hornet-radar.com\/wp-content\/uploads\/2026\/02\/IMG_9504-2000x1500.jpeg 2000w\" sizes=\"auto, (max-width: 1024px) 100vw, 1024px\" \/><\/figure>\n<\/div>\n<\/div>\n\n\n\n<p>Au\u00dferdem muss unbedingt darauf geachtet werden, dass alle Strom-Komponenten vor Wetter und Wasser gesch\u00fctzt sind und dennoch nicht \u00fcberhitzen k\u00f6nnen!<br><\/p>\n\n\n\n<p><\/p>\n\n\n\n<p><strong>Raspberry Pi Setup<\/strong><\/p>\n\n\n\n<p>Das Herzst\u00fcck der Station ist der Raspberry Pi, welcher Bewegungen erkennt und Frames der Kamera auf Hornissen analysiert und bei positivem Befund in eine Datenbank zur Visualisierung auf dieser Webseite hochl\u00e4dt. Daf\u00fcr ben\u00f6tigt er <strong>Strom <\/strong>und eine <strong>WLAN<\/strong>-Verbindung, was m\u00f6gliche Standorte deutlich eingrenzt. F\u00fcr die Installation wird auf die Github Projekt Seite verwiesen: <a href=\"https:\/\/github.com\/KarstenMS\/hornet-radar\">https:\/\/github.com\/KarstenMS\/hornet-radar<\/a>, mit allen Installationsschritten und Erkl\u00e4rungen. Das Repository ist momentan noch nicht \u00f6ffentlich, bis ich den Code guten Gewissens freigeben kann :-).<\/p>\n\n\n\n<p><\/p>\n\n\n\n<p><strong>Rezept f\u00fcr Lockfl\u00fcssigkeit<sup data-fn=\"670902ea-b41e-4d4e-9197-09a5d5248ff8\" class=\"fn\"><a href=\"#670902ea-b41e-4d4e-9197-09a5d5248ff8\" id=\"670902ea-b41e-4d4e-9197-09a5d5248ff8-link\">1<\/a><\/sup><\/strong><\/p>\n\n\n\n<ul class=\"wp-block-list\">\n<li>0,5 l Wei\u00dfwein<\/li>\n\n\n\n<li>0,5 l dunkles Bier<\/li>\n\n\n\n<li>0,5 l Fruchtsirup oder 0,5 kg Zucker<\/li>\n\n\n\n<li>Lockfl\u00fcssigkeit ist im K\u00fchlschrank lange haltbar und nicht attraktiv f\u00fcr Bienen<\/li>\n<\/ul>\n\n\n\n<p><\/p>\n\n\n\n<p><\/p>\n\n\n\n<p><strong>F\u00fcr die Zukunft<\/strong><\/p>\n\n\n\n<p>Nach erfolgreichem Abschluss erster Tests in 2026 sind zwei weitere Modelle geplant:<\/p>\n\n\n\n<ul class=\"wp-block-list\">\n<li>Eine Low-Energy LTE Version f\u00fcr den mobilen Einsatz mit Solar-Modul<\/li>\n\n\n\n<li>Eine g\u00fcnstigere Version mit Raspberry PI Zero und Einstiegs-Kamera<\/li>\n<\/ul>\n\n\n\n<p><\/p>\n\n\n\n<p><\/p>\n\n\n\n<p><\/p>\n\n\n<ol class=\"wp-block-footnotes\"><li id=\"670902ea-b41e-4d4e-9197-09a5d5248ff8\"> <a href=\"#670902ea-b41e-4d4e-9197-09a5d5248ff8-link\" aria-label=\"Zur Fu\u00dfnotenreferenz 1 navigieren\">\u21a9\ufe0e<\/a><\/li><\/ol>","protected":false},"excerpt":{"rendered":"<p>(noch im Aufbau) Lock-Station Beim Bau einer Lock-Station sind der Kreativit\u00e4t (fast) keine Grenzen gesetzt. Jeder freudige Bastler kann sich nach Belieben austoben &#8211; solange das Ergebnis am Ende stimmt. Lediglich der Python-Code, welcher auf dem Raspberry Pi und insbesondere beim Upload der Events sollte nicht herumgedoktert werden, um die Funktion der Webseite nicht f\u00fcr &hellip; <\/p>\n<p class=\"link-more\"><a href=\"https:\/\/hornet-radar.com\/de\/information\/bait-station\" class=\"more-link\">Mehr <span class=\"screen-reader-text\">\u00fcber &#8222;Lock-Station bauen&#8220; <\/span>Lesen<\/a><\/p>\n","protected":false},"author":1,"featured_media":0,"parent":139,"menu_order":6,"comment_status":"closed","ping_status":"closed","template":"","meta":{"footnotes":"[{\"id\":\"670902ea-b41e-4d4e-9197-09a5d5248ff8\",\"content\":\"\"}]"},"class_list":["post-153","page","type-page","status-publish","hentry"],"_links":{"self":[{"href":"https:\/\/hornet-radar.com\/de\/wp-json\/wp\/v2\/pages\/153","targetHints":{"allow":["GET"]}}],"collection":[{"href":"https:\/\/hornet-radar.com\/de\/wp-json\/wp\/v2\/pages"}],"about":[{"href":"https:\/\/hornet-radar.com\/de\/wp-json\/wp\/v2\/types\/page"}],"author":[{"embeddable":true,"href":"https:\/\/hornet-radar.com\/de\/wp-json\/wp\/v2\/users\/1"}],"replies":[{"embeddable":true,"href":"https:\/\/hornet-radar.com\/de\/wp-json\/wp\/v2\/comments?post=153"}],"version-history":[{"count":20,"href":"https:\/\/hornet-radar.com\/de\/wp-json\/wp\/v2\/pages\/153\/revisions"}],"predecessor-version":[{"id":572,"href":"https:\/\/hornet-radar.com\/de\/wp-json\/wp\/v2\/pages\/153\/revisions\/572"}],"up":[{"embeddable":true,"href":"https:\/\/hornet-radar.com\/de\/wp-json\/wp\/v2\/pages\/139"}],"wp:attachment":[{"href":"https:\/\/hornet-radar.com\/de\/wp-json\/wp\/v2\/media?parent=153"}],"curies":[{"name":"wp","href":"https:\/\/api.w.org\/{rel}","templated":true}]}}